{"id":670,"date":"2022-01-12T10:12:31","date_gmt":"2022-01-12T09:12:31","guid":{"rendered":"https:\/\/caseificiomolisanosanmarco.it\/?post_type=product&#038;p=670"},"modified":"2023-03-28T17:07:24","modified_gmt":"2023-03-28T15:07:24","slug":"mollicata-della-nonna","status":"publish","type":"product","link":"https:\/\/caseificiomolisanosanmarco.it\/en\/product\/mollicata-della-nonna\/","title":{"rendered":"Mollicata della nonna"},"content":{"rendered":"<p>Le Mollicate sono un prodotto unico, ideato dall&#8217;azienda &#8220;Sfumature Matti di Sapore&#8221; e prodotto con pane molisano genuino e privo di conservanti. Tutto nasce dall&#8217;amore di Stefania e Giuseppe per la propria terra, il Molise, e dalla voglia di mettere in pratica le conoscenze acquisite negli anni sulla tecnica di essicazione, distribuendo sul mercato alimenti a lunga conservazione, con immutate caratteristiche organolettiche. Inoltre, tali prodotti nascono anche per evitare gli sprechi alimentari, infatti il pane che ha una conservazione massima di una settimana viene trasformato in mollica di pane essiccata con una data di scadenza estesa per pi\u00f9 mesi. Tutto viene ottenuto in maniera naturale e con l&#8217;arricchimento del pane disidratato di prodotti anch&#8217;essi essiccati e ricchi di gusto.<\/p>\n<p><strong>CONSERVAZIONE<\/strong>: conservare in luogo fresco e asciutto, al riparo dalla luce. Una volta aperto pu\u00f2 essere preservato nell&#8217;apposita confezione, chiusa in superficie, fino alla data di scadenza apportata al prodotto.<br \/>\n<strong>IDEALE PER<\/strong>: pasta, verdure, formaggi, carni e pesce.<\/p>\n<p><strong>RICETTE CONSIGLIATE:<\/strong><\/p>\n<p><em>1) INSALATA CROCCANTE<\/em><\/p>\n<ul>\n<li>pomodori<\/li>\n<li>cetrioli<\/li>\n<li>cipolla rossa<\/li>\n<li>lattuga<\/li>\n<li>carote<\/li>\n<li>mollicata della nonna<\/li>\n<\/ul>\n<p>PROCEDIMENTO:<br \/>\nTagliare a fettine tutte le verdure ed i frutti sopra menzionati, aggiungere sale ed olio ed infine arricchire l&#8217;insalata con la mollicata della nonna.<\/p>\n<p><em>2) COTOLETTE DI POLLO CON LA MOLLICATA DELLA NONNA<\/em><\/p>\n<ul>\n<li>fettine di pollo<\/li>\n<li>mollicata della nonna<\/li>\n<li>uovo q.b<\/li>\n<li>un pizzico di sale<\/li>\n<\/ul>\n<p>PROCEDIMENTO:<br \/>\nPassare le fettine di pollo prima nell\u2019uovo e poi impanarle nella Mollicata della nonna.<br \/>\nA cottura ultimata aggiungere un po\u2019 di sale.<\/p>\n<p>INFORMAZIONI SUL PIATTO:<\/p>\n<p>Ideale per essere cucinato sia fritto che al forno, in quest&#8217;ultimo caso a cottura terminata \u00e8 preferibile aggiungere un filo di olio EVO a crudo. Una doppia impanatura pu\u00f2 essere consigliata per fornire al prodotto un quantitativo maggiore di mollicata ed in compenso &#8220;pi\u00f9 croccantezza&#8221;.<\/p>\n<p>&nbsp;<\/p>","protected":false},"excerpt":{"rendered":"<p><strong>INGREDIENTI<\/strong>: Mollica essiccata (farina di GRANO, acqua, lievito, sale), prezzemolo essiccato, aglio essiccato.<\/p>\n<p>peso netto 120 gr<\/p>","protected":false},"featured_media":671,"comment_status":"open","ping_status":"closed","template":"","meta":[],"product_brand":[],"product_cat":[79,77],"product_tag":[],"class_list":{"0":"post-670","1":"product","2":"type-product","3":"status-publish","4":"has-post-thumbnail","6":"product_cat-prodotti-da-forno-essiccati","7":"product_cat-prodotti-essiccati","9":"first","10":"instock","11":"shipping-taxable","12":"purchasable","13":"product-type-simple"},"acf":[],"yoast_head":"<!-- This site is optimized with the Yoast SEO Premium plugin v22.6 (Yoast SEO v27.6) - https:\/\/yoast.com\/product\/yoast-seo-premium-wordpress\/ -->\n<title>Mollicata della nonna - Caseificio Molisano San Marco<\/title>\n<meta name=\"robots\" content=\"index, follow, max-snippet:-1, max-image-preview:large, max-video-preview:-1\" \/>\n<link rel=\"canonical\" href=\"https:\/\/caseificiomolisanosanmarco.it\/en\/product\/mollicata-della-nonna\/\" \/>\n<meta property=\"og:locale\" content=\"en_GB\" \/>\n<meta property=\"og:type\" content=\"article\" \/>\n<meta property=\"og:title\" content=\"Mollicata della nonna\" \/>\n<meta property=\"og:description\" content=\"INGREDIENTI: Mollica essiccata (farina di GRANO, acqua, lievito, sale), prezzemolo essiccato, aglio essiccato.  peso netto 120 gr\" \/>\n<meta property=\"og:url\" content=\"https:\/\/caseificiomolisanosanmarco.it\/en\/product\/mollicata-della-nonna\/\" \/>\n<meta property=\"og:site_name\" content=\"Caseificio Molisano San Marco\" \/>\n<meta property=\"article:modified_time\" content=\"2023-03-28T15:07:24+00:00\" \/>\n<meta property=\"og:image\" content=\"https:\/\/caseificiomolisanosanmarco.it\/wp-content\/uploads\/2022\/01\/265209697_222219430060623_2449706732704282379_n.jpg\" \/>\n\t<meta property=\"og:image:width\" content=\"960\" \/>\n\t<meta property=\"og:image:height\" content=\"720\" \/>\n\t<meta property=\"og:image:type\" content=\"image\/jpeg\" \/>\n<meta name=\"twitter:card\" content=\"summary_large_image\" \/>\n<meta name=\"twitter:label1\" content=\"Price\" \/>\n\t<meta name=\"twitter:data1\" content=\"3,00&nbsp;&euro;\" \/>\n\t<meta name=\"twitter:label2\" content=\"Availability\" \/>\n\t<meta name=\"twitter:data2\" content=\"In stock\" \/>\n<script type=\"application\/ld+json\" class=\"yoast-schema-graph\">{\"@context\":\"https:\\\/\\\/schema.org\",\"@graph\":[{\"@type\":\"WebPage\",\"@id\":\"https:\\\/\\\/caseificiomolisanosanmarco.it\\\/prodotto\\\/mollicata-della-nonna\\\/\",\"url\":\"https:\\\/\\\/caseificiomolisanosanmarco.it\\\/prodotto\\\/mollicata-della-nonna\\\/\",\"name\":\"Mollicata della nonna - Caseificio Molisano San Marco\",\"isPartOf\":{\"@id\":\"https:\\\/\\\/caseificiomolisanosanmarco.it\\\/#website\"},\"primaryImageOfPage\":{\"@id\":\"https:\\\/\\\/caseificiomolisanosanmarco.it\\\/prodotto\\\/mollicata-della-nonna\\\/#primaryimage\"},\"image\":{\"@id\":\"https:\\\/\\\/caseificiomolisanosanmarco.it\\\/prodotto\\\/mollicata-della-nonna\\\/#primaryimage\"},\"thumbnailUrl\":\"https:\\\/\\\/caseificiomolisanosanmarco.it\\\/wp-content\\\/uploads\\\/2022\\\/01\\\/265209697_222219430060623_2449706732704282379_n.jpg\",\"datePublished\":\"2022-01-12T09:12:31+00:00\",\"dateModified\":\"2023-03-28T15:07:24+00:00\",\"breadcrumb\":{\"@id\":\"https:\\\/\\\/caseificiomolisanosanmarco.it\\\/prodotto\\\/mollicata-della-nonna\\\/#breadcrumb\"},\"inLanguage\":\"en-GB\",\"potentialAction\":[{\"@type\":\"ReadAction\",\"target\":[\"https:\\\/\\\/caseificiomolisanosanmarco.it\\\/prodotto\\\/mollicata-della-nonna\\\/\"]}]},{\"@type\":\"ImageObject\",\"inLanguage\":\"en-GB\",\"@id\":\"https:\\\/\\\/caseificiomolisanosanmarco.it\\\/prodotto\\\/mollicata-della-nonna\\\/#primaryimage\",\"url\":\"https:\\\/\\\/caseificiomolisanosanmarco.it\\\/wp-content\\\/uploads\\\/2022\\\/01\\\/265209697_222219430060623_2449706732704282379_n.jpg\",\"contentUrl\":\"https:\\\/\\\/caseificiomolisanosanmarco.it\\\/wp-content\\\/uploads\\\/2022\\\/01\\\/265209697_222219430060623_2449706732704282379_n.jpg\",\"width\":960,\"height\":720},{\"@type\":\"BreadcrumbList\",\"@id\":\"https:\\\/\\\/caseificiomolisanosanmarco.it\\\/prodotto\\\/mollicata-della-nonna\\\/#breadcrumb\",\"itemListElement\":[{\"@type\":\"ListItem\",\"position\":1,\"name\":\"Home\",\"item\":\"https:\\\/\\\/caseificiomolisanosanmarco.it\\\/\"},{\"@type\":\"ListItem\",\"position\":2,\"name\":\"Shop\",\"item\":\"https:\\\/\\\/caseificiomolisanosanmarco.it\\\/negozio\\\/\"},{\"@type\":\"ListItem\",\"position\":3,\"name\":\"Mollicata della nonna\"}]},{\"@type\":\"WebSite\",\"@id\":\"https:\\\/\\\/caseificiomolisanosanmarco.it\\\/#website\",\"url\":\"https:\\\/\\\/caseificiomolisanosanmarco.it\\\/\",\"name\":\"Caseificio Molisano San Marco\",\"description\":\"\",\"publisher\":{\"@id\":\"https:\\\/\\\/caseificiomolisanosanmarco.it\\\/#organization\"},\"potentialAction\":[{\"@type\":\"SearchAction\",\"target\":{\"@type\":\"EntryPoint\",\"urlTemplate\":\"https:\\\/\\\/caseificiomolisanosanmarco.it\\\/?s={search_term_string}\"},\"query-input\":{\"@type\":\"PropertyValueSpecification\",\"valueRequired\":true,\"valueName\":\"search_term_string\"}}],\"inLanguage\":\"en-GB\"},{\"@type\":\"Organization\",\"@id\":\"https:\\\/\\\/caseificiomolisanosanmarco.it\\\/#organization\",\"name\":\"Caseificio Molisano San Marco\",\"url\":\"https:\\\/\\\/caseificiomolisanosanmarco.it\\\/\",\"logo\":{\"@type\":\"ImageObject\",\"inLanguage\":\"en-GB\",\"@id\":\"https:\\\/\\\/caseificiomolisanosanmarco.it\\\/#\\\/schema\\\/logo\\\/image\\\/\",\"url\":\"https:\\\/\\\/caseificiomolisanosanmarco.it\\\/wp-content\\\/uploads\\\/2021\\\/01\\\/LOGO-Transparent-e1610640037833.png\",\"contentUrl\":\"https:\\\/\\\/caseificiomolisanosanmarco.it\\\/wp-content\\\/uploads\\\/2021\\\/01\\\/LOGO-Transparent-e1610640037833.png\",\"width\":150,\"height\":150,\"caption\":\"Caseificio Molisano San Marco\"},\"image\":{\"@id\":\"https:\\\/\\\/caseificiomolisanosanmarco.it\\\/#\\\/schema\\\/logo\\\/image\\\/\"}}]}<\/script>\n<meta property=\"product:brand\" content=\"Prodotti essiccati\" \/>\n<meta property=\"product:price:amount\" content=\"3.00\" \/>\n<meta property=\"product:price:currency\" content=\"EUR\" \/>\n<meta property=\"og:availability\" content=\"instock\" \/>\n<meta property=\"product:availability\" content=\"instock\" \/>\n<meta property=\"product:condition\" content=\"new\" \/>\n<!-- \/ Yoast SEO Premium plugin. -->","yoast_head_json":{"title":"Mollicata della nonna - Caseificio Molisano San Marco","robots":{"index":"index","follow":"follow","max-snippet":"max-snippet:-1","max-image-preview":"max-image-preview:large","max-video-preview":"max-video-preview:-1"},"canonical":"https:\/\/caseificiomolisanosanmarco.it\/en\/product\/mollicata-della-nonna\/","og_locale":"en_GB","og_type":"article","og_title":"Mollicata della nonna","og_description":"INGREDIENTI: Mollica essiccata (farina di GRANO, acqua, lievito, sale), prezzemolo essiccato, aglio essiccato.  peso netto 120 gr","og_url":"https:\/\/caseificiomolisanosanmarco.it\/en\/product\/mollicata-della-nonna\/","og_site_name":"Caseificio Molisano San Marco","article_modified_time":"2023-03-28T15:07:24+00:00","og_image":[{"width":960,"height":720,"url":"https:\/\/caseificiomolisanosanmarco.it\/wp-content\/uploads\/2022\/01\/265209697_222219430060623_2449706732704282379_n.jpg","type":"image\/jpeg"}],"twitter_card":"summary_large_image","twitter_misc":{"Price":"3,00&nbsp;&euro;","Availability":"In stock"},"schema":{"@context":"https:\/\/schema.org","@graph":[{"@type":"WebPage","@id":"https:\/\/caseificiomolisanosanmarco.it\/prodotto\/mollicata-della-nonna\/","url":"https:\/\/caseificiomolisanosanmarco.it\/prodotto\/mollicata-della-nonna\/","name":"Mollicata della nonna - Caseificio Molisano San Marco","isPartOf":{"@id":"https:\/\/caseificiomolisanosanmarco.it\/#website"},"primaryImageOfPage":{"@id":"https:\/\/caseificiomolisanosanmarco.it\/prodotto\/mollicata-della-nonna\/#primaryimage"},"image":{"@id":"https:\/\/caseificiomolisanosanmarco.it\/prodotto\/mollicata-della-nonna\/#primaryimage"},"thumbnailUrl":"https:\/\/caseificiomolisanosanmarco.it\/wp-content\/uploads\/2022\/01\/265209697_222219430060623_2449706732704282379_n.jpg","datePublished":"2022-01-12T09:12:31+00:00","dateModified":"2023-03-28T15:07:24+00:00","breadcrumb":{"@id":"https:\/\/caseificiomolisanosanmarco.it\/prodotto\/mollicata-della-nonna\/#breadcrumb"},"inLanguage":"en-GB","potentialAction":[{"@type":"ReadAction","target":["https:\/\/caseificiomolisanosanmarco.it\/prodotto\/mollicata-della-nonna\/"]}]},{"@type":"ImageObject","inLanguage":"en-GB","@id":"https:\/\/caseificiomolisanosanmarco.it\/prodotto\/mollicata-della-nonna\/#primaryimage","url":"https:\/\/caseificiomolisanosanmarco.it\/wp-content\/uploads\/2022\/01\/265209697_222219430060623_2449706732704282379_n.jpg","contentUrl":"https:\/\/caseificiomolisanosanmarco.it\/wp-content\/uploads\/2022\/01\/265209697_222219430060623_2449706732704282379_n.jpg","width":960,"height":720},{"@type":"BreadcrumbList","@id":"https:\/\/caseificiomolisanosanmarco.it\/prodotto\/mollicata-della-nonna\/#breadcrumb","itemListElement":[{"@type":"ListItem","position":1,"name":"Home","item":"https:\/\/caseificiomolisanosanmarco.it\/"},{"@type":"ListItem","position":2,"name":"Shop","item":"https:\/\/caseificiomolisanosanmarco.it\/negozio\/"},{"@type":"ListItem","position":3,"name":"Mollicata della nonna"}]},{"@type":"WebSite","@id":"https:\/\/caseificiomolisanosanmarco.it\/#website","url":"https:\/\/caseificiomolisanosanmarco.it\/","name":"Caseificio Molisano San Marco","description":"","publisher":{"@id":"https:\/\/caseificiomolisanosanmarco.it\/#organization"},"potentialAction":[{"@type":"SearchAction","target":{"@type":"EntryPoint","urlTemplate":"https:\/\/caseificiomolisanosanmarco.it\/?s={search_term_string}"},"query-input":{"@type":"PropertyValueSpecification","valueRequired":true,"valueName":"search_term_string"}}],"inLanguage":"en-GB"},{"@type":"Organization","@id":"https:\/\/caseificiomolisanosanmarco.it\/#organization","name":"Caseificio Molisano San Marco","url":"https:\/\/caseificiomolisanosanmarco.it\/","logo":{"@type":"ImageObject","inLanguage":"en-GB","@id":"https:\/\/caseificiomolisanosanmarco.it\/#\/schema\/logo\/image\/","url":"https:\/\/caseificiomolisanosanmarco.it\/wp-content\/uploads\/2021\/01\/LOGO-Transparent-e1610640037833.png","contentUrl":"https:\/\/caseificiomolisanosanmarco.it\/wp-content\/uploads\/2021\/01\/LOGO-Transparent-e1610640037833.png","width":150,"height":150,"caption":"Caseificio Molisano San Marco"},"image":{"@id":"https:\/\/caseificiomolisanosanmarco.it\/#\/schema\/logo\/image\/"}}]},"product_brand":"Prodotti essiccati","product_price_amount":"3.00","product_price_currency":"EUR","og_availability":"instock","product_availability":"instock","product_condition":"new"},"jetpack_sharing_enabled":true,"_links":{"self":[{"href":"https:\/\/caseificiomolisanosanmarco.it\/en\/wp-json\/wp\/v2\/product\/670","targetHints":{"allow":["GET"]}}],"collection":[{"href":"https:\/\/caseificiomolisanosanmarco.it\/en\/wp-json\/wp\/v2\/product"}],"about":[{"href":"https:\/\/caseificiomolisanosanmarco.it\/en\/wp-json\/wp\/v2\/types\/product"}],"replies":[{"embeddable":true,"href":"https:\/\/caseificiomolisanosanmarco.it\/en\/wp-json\/wp\/v2\/comments?post=670"}],"version-history":[{"count":0,"href":"https:\/\/caseificiomolisanosanmarco.it\/en\/wp-json\/wp\/v2\/product\/670\/revisions"}],"wp:featuredmedia":[{"embeddable":true,"href":"https:\/\/caseificiomolisanosanmarco.it\/en\/wp-json\/wp\/v2\/media\/671"}],"wp:attachment":[{"href":"https:\/\/caseificiomolisanosanmarco.it\/en\/wp-json\/wp\/v2\/media?parent=670"}],"wp:term":[{"taxonomy":"product_brand","embeddable":true,"href":"https:\/\/caseificiomolisanosanmarco.it\/en\/wp-json\/wp\/v2\/product_brand?post=670"},{"taxonomy":"product_cat","embeddable":true,"href":"https:\/\/caseificiomolisanosanmarco.it\/en\/wp-json\/wp\/v2\/product_cat?post=670"},{"taxonomy":"product_tag","embeddable":true,"href":"https:\/\/caseificiomolisanosanmarco.it\/en\/wp-json\/wp\/v2\/product_tag?post=670"}],"curies":[{"name":"wp","href":"https:\/\/api.w.org\/{rel}","templated":true}]}}