{"id":657,"date":"2022-01-10T13:53:07","date_gmt":"2022-01-10T12:53:07","guid":{"rendered":"https:\/\/caseificiomolisanosanmarco.it\/?post_type=product&#038;p=657"},"modified":"2024-12-03T12:13:43","modified_gmt":"2024-12-03T11:13:43","slug":"mollicata-ai-pomodori-secchi","status":"publish","type":"product","link":"https:\/\/caseificiomolisanosanmarco.it\/en\/product\/mollicata-ai-pomodori-secchi\/","title":{"rendered":"Mollicata ai pomodori secchi"},"content":{"rendered":"<p>Le Mollicate sono un prodotto unico, ideato dall&#8217;azienda &#8220;Sfumature Matti di Sapore&#8221; e prodotto con pane molisano genuino e privo di conservanti. Tutto nasce dall&#8217;amore di Stefania e Giuseppe per la propria terra, il Molise e dalla voglia di mettere in pratica le conoscenze acquisite negli anni sulla tecnica di essicazione, distribuendo sul mercato alimenti a lunga conservazione, con immutate caratteristiche organolettiche. Inoltre, tali prodotti nascono anche per evitare gli sprechi alimentari, infatti il pane che ha una conservazione massima di una settimana viene trasformato in mollica di pane essiccata con una data di scadenza estesa per pi\u00f9 mesi. Tutto viene ottenuto in maniera naturale e con l&#8217;arricchimento del pane disidratato di prodotti anch&#8217;essi essiccati e ricchi di gusto.<\/p>\n<p><strong>CONSERVAZIONE<\/strong>: conservare in luogo fresco e asciutto, al riparo dalla luce. Una volta aperto pu\u00f2 essere preservato nell&#8217;apposita confezione, chiusa in superficie, fino alla data di scadenza apportata al prodotto.<br \/>\n<strong>IDEALE PER<\/strong>: pasta, verdure, formaggi, carni e pesce.<\/p>\n<p><strong>RICETTE CONSIGLIATE:<\/strong><\/p>\n<p><em>1) COTOLETTE DI POLLO CON LA MOLLICATA AI POMODORI SECCHI<\/em><\/p>\n<ul>\n<li>fettine di pollo<\/li>\n<li>mollicata ai pomodori secchi<\/li>\n<li>uovo q.b<\/li>\n<li>un pizzico di sale<\/li>\n<\/ul>\n<p>PROCEDIMENTO:<br \/>\nPassare le fettine di pollo prima nell\u2019uovo e poi impanarle nella Mollicata al Pistacchio.<br \/>\nA cottura ultimata aggiungere un po\u2019 di sale.<\/p>\n<p>INFORMAZIONI SUL PIATTO:<\/p>\n<p>Ideale per essere cucinato sia fritto che al forno, in quest&#8217;ultimo caso a cottura terminata \u00e8 preferibile aggiungere un filo di olio EVO a crudo. Una doppia impanatura pu\u00f2 essere consigliata per fornire al prodotto un quantitativo maggiore di mollicata ed in compenso &#8220;pi\u00f9 croccantezza&#8221;.<\/p>\n<p><em>2)INVOLTINI DI CACIOCAVALLO IMPANATI CON MOLLICATA AI POMODORI SECCHI<\/em><\/p>\n<ul>\n<li>caciocavallo semistagionato (non secco)<\/li>\n<li>mollicata aI pomodori secchi<\/li>\n<li>uova q.b<\/li>\n<li>farina<\/li>\n<\/ul>\n<p>PROCEDIMENTO<\/p>\n<p>Tagliare a cubetti il caciocavallo e ridurlo a pezzi pi\u00f9 piccoli con un mixer per poi compattarlo di nuovo conferendogli la forma di un involtino. Impanare ogni singolo involtino con farina, uovo e mollicata. Friggere o cuocere in forno a 180\u00b0 per 15minuti circa.<\/p>\n<p><em>3)POLPETTE DI RICOTTA IMPANATE CON MOLLICATA AI POMODORI SECCHI<\/em><\/p>\n<ul>\n<li>una ricotta di circa 400 gr<\/li>\n<li>pane o pancarr\u00e8 quanto basta per rendere pi\u00f9 compatto l&#8217;impasto<\/li>\n<li>200 gr di formaggio grattugiato<\/li>\n<li>80\/100 gr prosciutto crudo tagliato a pezzetti<\/li>\n<li>un pizzico di sale<\/li>\n<li>farina<\/li>\n<li>mollicata ai pomodori secchi<\/li>\n<\/ul>\n<p>PROCEDIMENTO<\/p>\n<div class=\"cxmmr5t8 oygrvhab hcukyx3x c1et5uql o9v6fnle ii04i59q\">\n<div dir=\"auto\">Unire tutti gli ingredienti elencati e dare al vostro &#8220;impasto&#8221; una buona consistenza: questa vi permetter\u00e0 di formare facilmente le vostre &#8220;palline&#8221;.<\/div>\n<\/div>\n<div class=\"cxmmr5t8 oygrvhab hcukyx3x c1et5uql o9v6fnle ii04i59q\">\n<div dir=\"auto\">Formare delle polpettine.<\/div>\n<\/div>\n<div class=\"cxmmr5t8 oygrvhab hcukyx3x c1et5uql o9v6fnle ii04i59q\">\n<div dir=\"auto\">Impanare con uovo e mollicata.<\/div>\n<\/div>\n<div class=\"cxmmr5t8 oygrvhab hcukyx3x c1et5uql o9v6fnle ii04i59q\">\n<div dir=\"auto\">Friggere o cuocere al forno per 15 min a 180 gradi ed infine servire.<\/div>\n<\/div>\n<div class=\"cxmmr5t8 oygrvhab hcukyx3x c1et5uql o9v6fnle ii04i59q\">\n<div dir=\"auto\"><\/div>\n<\/div>","protected":false},"excerpt":{"rendered":"<p><strong>INGREDIENTI<\/strong>: Mollica essiccata (farina di GRANO, acqua, lievito, sale), pomodori secchi (25%), granella di NOCCIOLE, semi di zucca<\/p>\n<p>Peso netto 120 gr<\/p>","protected":false},"featured_media":660,"comment_status":"open","ping_status":"closed","template":"","meta":[],"product_brand":[],"product_cat":[79,77],"product_tag":[],"class_list":{"0":"post-657","1":"product","2":"type-product","3":"status-publish","4":"has-post-thumbnail","6":"product_cat-prodotti-da-forno-essiccati","7":"product_cat-prodotti-essiccati","9":"first","10":"instock","11":"shipping-taxable","12":"purchasable","13":"product-type-simple"},"acf":[],"yoast_head":"<!-- This site is optimized with the Yoast SEO Premium plugin v22.6 (Yoast SEO v27.6) - https:\/\/yoast.com\/product\/yoast-seo-premium-wordpress\/ -->\n<title>Mollicata ai pomodori secchi - Caseificio Molisano San Marco<\/title>\n<meta name=\"robots\" content=\"index, follow, max-snippet:-1, max-image-preview:large, max-video-preview:-1\" \/>\n<link rel=\"canonical\" href=\"https:\/\/caseificiomolisanosanmarco.it\/en\/product\/mollicata-ai-pomodori-secchi\/\" \/>\n<meta property=\"og:locale\" content=\"en_GB\" \/>\n<meta property=\"og:type\" content=\"article\" \/>\n<meta property=\"og:title\" content=\"Mollicata ai pomodori secchi\" \/>\n<meta property=\"og:description\" content=\"INGREDIENTI: Mollica essiccata (farina di GRANO, acqua, lievito, sale), pomodori secchi (25%), granella di NOCCIOLE, semi di zucca  Peso netto 120 gr\" \/>\n<meta property=\"og:url\" content=\"https:\/\/caseificiomolisanosanmarco.it\/en\/product\/mollicata-ai-pomodori-secchi\/\" \/>\n<meta property=\"og:site_name\" content=\"Caseificio Molisano San Marco\" \/>\n<meta property=\"article:modified_time\" content=\"2024-12-03T11:13:43+00:00\" \/>\n<meta property=\"og:image\" content=\"https:\/\/caseificiomolisanosanmarco.it\/wp-content\/uploads\/2022\/01\/235046319_2784801598447047_3286286353575409593_n.jpg\" \/>\n\t<meta property=\"og:image:width\" content=\"1074\" \/>\n\t<meta property=\"og:image:height\" content=\"1347\" \/>\n\t<meta property=\"og:image:type\" content=\"image\/jpeg\" \/>\n<meta name=\"twitter:card\" content=\"summary_large_image\" \/>\n<meta name=\"twitter:label1\" content=\"Price\" \/>\n\t<meta name=\"twitter:data1\" content=\"3,50&nbsp;&euro;\" \/>\n\t<meta name=\"twitter:label2\" content=\"Availability\" \/>\n\t<meta name=\"twitter:data2\" content=\"In stock\" \/>\n<script type=\"application\/ld+json\" class=\"yoast-schema-graph\">{\"@context\":\"https:\\\/\\\/schema.org\",\"@graph\":[{\"@type\":\"WebPage\",\"@id\":\"https:\\\/\\\/caseificiomolisanosanmarco.it\\\/prodotto\\\/mollicata-ai-pomodori-secchi\\\/\",\"url\":\"https:\\\/\\\/caseificiomolisanosanmarco.it\\\/prodotto\\\/mollicata-ai-pomodori-secchi\\\/\",\"name\":\"Mollicata ai pomodori secchi - Caseificio Molisano San Marco\",\"isPartOf\":{\"@id\":\"https:\\\/\\\/caseificiomolisanosanmarco.it\\\/#website\"},\"primaryImageOfPage\":{\"@id\":\"https:\\\/\\\/caseificiomolisanosanmarco.it\\\/prodotto\\\/mollicata-ai-pomodori-secchi\\\/#primaryimage\"},\"image\":{\"@id\":\"https:\\\/\\\/caseificiomolisanosanmarco.it\\\/prodotto\\\/mollicata-ai-pomodori-secchi\\\/#primaryimage\"},\"thumbnailUrl\":\"https:\\\/\\\/caseificiomolisanosanmarco.it\\\/wp-content\\\/uploads\\\/2022\\\/01\\\/235046319_2784801598447047_3286286353575409593_n.jpg\",\"datePublished\":\"2022-01-10T12:53:07+00:00\",\"dateModified\":\"2024-12-03T11:13:43+00:00\",\"breadcrumb\":{\"@id\":\"https:\\\/\\\/caseificiomolisanosanmarco.it\\\/prodotto\\\/mollicata-ai-pomodori-secchi\\\/#breadcrumb\"},\"inLanguage\":\"en-GB\",\"potentialAction\":[{\"@type\":\"ReadAction\",\"target\":[\"https:\\\/\\\/caseificiomolisanosanmarco.it\\\/prodotto\\\/mollicata-ai-pomodori-secchi\\\/\"]}]},{\"@type\":\"ImageObject\",\"inLanguage\":\"en-GB\",\"@id\":\"https:\\\/\\\/caseificiomolisanosanmarco.it\\\/prodotto\\\/mollicata-ai-pomodori-secchi\\\/#primaryimage\",\"url\":\"https:\\\/\\\/caseificiomolisanosanmarco.it\\\/wp-content\\\/uploads\\\/2022\\\/01\\\/235046319_2784801598447047_3286286353575409593_n.jpg\",\"contentUrl\":\"https:\\\/\\\/caseificiomolisanosanmarco.it\\\/wp-content\\\/uploads\\\/2022\\\/01\\\/235046319_2784801598447047_3286286353575409593_n.jpg\",\"width\":1074,\"height\":1347},{\"@type\":\"BreadcrumbList\",\"@id\":\"https:\\\/\\\/caseificiomolisanosanmarco.it\\\/prodotto\\\/mollicata-ai-pomodori-secchi\\\/#breadcrumb\",\"itemListElement\":[{\"@type\":\"ListItem\",\"position\":1,\"name\":\"Home\",\"item\":\"https:\\\/\\\/caseificiomolisanosanmarco.it\\\/\"},{\"@type\":\"ListItem\",\"position\":2,\"name\":\"Shop\",\"item\":\"https:\\\/\\\/caseificiomolisanosanmarco.it\\\/negozio\\\/\"},{\"@type\":\"ListItem\",\"position\":3,\"name\":\"Mollicata ai pomodori secchi\"}]},{\"@type\":\"WebSite\",\"@id\":\"https:\\\/\\\/caseificiomolisanosanmarco.it\\\/#website\",\"url\":\"https:\\\/\\\/caseificiomolisanosanmarco.it\\\/\",\"name\":\"Caseificio Molisano San Marco\",\"description\":\"\",\"publisher\":{\"@id\":\"https:\\\/\\\/caseificiomolisanosanmarco.it\\\/#organization\"},\"potentialAction\":[{\"@type\":\"SearchAction\",\"target\":{\"@type\":\"EntryPoint\",\"urlTemplate\":\"https:\\\/\\\/caseificiomolisanosanmarco.it\\\/?s={search_term_string}\"},\"query-input\":{\"@type\":\"PropertyValueSpecification\",\"valueRequired\":true,\"valueName\":\"search_term_string\"}}],\"inLanguage\":\"en-GB\"},{\"@type\":\"Organization\",\"@id\":\"https:\\\/\\\/caseificiomolisanosanmarco.it\\\/#organization\",\"name\":\"Caseificio Molisano San Marco\",\"url\":\"https:\\\/\\\/caseificiomolisanosanmarco.it\\\/\",\"logo\":{\"@type\":\"ImageObject\",\"inLanguage\":\"en-GB\",\"@id\":\"https:\\\/\\\/caseificiomolisanosanmarco.it\\\/#\\\/schema\\\/logo\\\/image\\\/\",\"url\":\"https:\\\/\\\/caseificiomolisanosanmarco.it\\\/wp-content\\\/uploads\\\/2021\\\/01\\\/LOGO-Transparent-e1610640037833.png\",\"contentUrl\":\"https:\\\/\\\/caseificiomolisanosanmarco.it\\\/wp-content\\\/uploads\\\/2021\\\/01\\\/LOGO-Transparent-e1610640037833.png\",\"width\":150,\"height\":150,\"caption\":\"Caseificio Molisano San Marco\"},\"image\":{\"@id\":\"https:\\\/\\\/caseificiomolisanosanmarco.it\\\/#\\\/schema\\\/logo\\\/image\\\/\"}}]}<\/script>\n<meta property=\"product:brand\" content=\"Prodotti essiccati\" \/>\n<meta property=\"product:price:amount\" content=\"3.50\" \/>\n<meta property=\"product:price:currency\" content=\"EUR\" \/>\n<meta property=\"og:availability\" content=\"instock\" \/>\n<meta property=\"product:availability\" content=\"instock\" \/>\n<meta property=\"product:condition\" content=\"new\" \/>\n<!-- \/ Yoast SEO Premium plugin. -->","yoast_head_json":{"title":"Mollicata ai pomodori secchi - Caseificio Molisano San Marco","robots":{"index":"index","follow":"follow","max-snippet":"max-snippet:-1","max-image-preview":"max-image-preview:large","max-video-preview":"max-video-preview:-1"},"canonical":"https:\/\/caseificiomolisanosanmarco.it\/en\/product\/mollicata-ai-pomodori-secchi\/","og_locale":"en_GB","og_type":"article","og_title":"Mollicata ai pomodori secchi","og_description":"INGREDIENTI: Mollica essiccata (farina di GRANO, acqua, lievito, sale), pomodori secchi (25%), granella di NOCCIOLE, semi di zucca  Peso netto 120 gr","og_url":"https:\/\/caseificiomolisanosanmarco.it\/en\/product\/mollicata-ai-pomodori-secchi\/","og_site_name":"Caseificio Molisano San Marco","article_modified_time":"2024-12-03T11:13:43+00:00","og_image":[{"width":1074,"height":1347,"url":"https:\/\/caseificiomolisanosanmarco.it\/wp-content\/uploads\/2022\/01\/235046319_2784801598447047_3286286353575409593_n.jpg","type":"image\/jpeg"}],"twitter_card":"summary_large_image","twitter_misc":{"Price":"3,50&nbsp;&euro;","Availability":"In stock"},"schema":{"@context":"https:\/\/schema.org","@graph":[{"@type":"WebPage","@id":"https:\/\/caseificiomolisanosanmarco.it\/prodotto\/mollicata-ai-pomodori-secchi\/","url":"https:\/\/caseificiomolisanosanmarco.it\/prodotto\/mollicata-ai-pomodori-secchi\/","name":"Mollicata ai pomodori secchi - Caseificio Molisano San Marco","isPartOf":{"@id":"https:\/\/caseificiomolisanosanmarco.it\/#website"},"primaryImageOfPage":{"@id":"https:\/\/caseificiomolisanosanmarco.it\/prodotto\/mollicata-ai-pomodori-secchi\/#primaryimage"},"image":{"@id":"https:\/\/caseificiomolisanosanmarco.it\/prodotto\/mollicata-ai-pomodori-secchi\/#primaryimage"},"thumbnailUrl":"https:\/\/caseificiomolisanosanmarco.it\/wp-content\/uploads\/2022\/01\/235046319_2784801598447047_3286286353575409593_n.jpg","datePublished":"2022-01-10T12:53:07+00:00","dateModified":"2024-12-03T11:13:43+00:00","breadcrumb":{"@id":"https:\/\/caseificiomolisanosanmarco.it\/prodotto\/mollicata-ai-pomodori-secchi\/#breadcrumb"},"inLanguage":"en-GB","potentialAction":[{"@type":"ReadAction","target":["https:\/\/caseificiomolisanosanmarco.it\/prodotto\/mollicata-ai-pomodori-secchi\/"]}]},{"@type":"ImageObject","inLanguage":"en-GB","@id":"https:\/\/caseificiomolisanosanmarco.it\/prodotto\/mollicata-ai-pomodori-secchi\/#primaryimage","url":"https:\/\/caseificiomolisanosanmarco.it\/wp-content\/uploads\/2022\/01\/235046319_2784801598447047_3286286353575409593_n.jpg","contentUrl":"https:\/\/caseificiomolisanosanmarco.it\/wp-content\/uploads\/2022\/01\/235046319_2784801598447047_3286286353575409593_n.jpg","width":1074,"height":1347},{"@type":"BreadcrumbList","@id":"https:\/\/caseificiomolisanosanmarco.it\/prodotto\/mollicata-ai-pomodori-secchi\/#breadcrumb","itemListElement":[{"@type":"ListItem","position":1,"name":"Home","item":"https:\/\/caseificiomolisanosanmarco.it\/"},{"@type":"ListItem","position":2,"name":"Shop","item":"https:\/\/caseificiomolisanosanmarco.it\/negozio\/"},{"@type":"ListItem","position":3,"name":"Mollicata ai pomodori secchi"}]},{"@type":"WebSite","@id":"https:\/\/caseificiomolisanosanmarco.it\/#website","url":"https:\/\/caseificiomolisanosanmarco.it\/","name":"Caseificio Molisano San Marco","description":"","publisher":{"@id":"https:\/\/caseificiomolisanosanmarco.it\/#organization"},"potentialAction":[{"@type":"SearchAction","target":{"@type":"EntryPoint","urlTemplate":"https:\/\/caseificiomolisanosanmarco.it\/?s={search_term_string}"},"query-input":{"@type":"PropertyValueSpecification","valueRequired":true,"valueName":"search_term_string"}}],"inLanguage":"en-GB"},{"@type":"Organization","@id":"https:\/\/caseificiomolisanosanmarco.it\/#organization","name":"Caseificio Molisano San Marco","url":"https:\/\/caseificiomolisanosanmarco.it\/","logo":{"@type":"ImageObject","inLanguage":"en-GB","@id":"https:\/\/caseificiomolisanosanmarco.it\/#\/schema\/logo\/image\/","url":"https:\/\/caseificiomolisanosanmarco.it\/wp-content\/uploads\/2021\/01\/LOGO-Transparent-e1610640037833.png","contentUrl":"https:\/\/caseificiomolisanosanmarco.it\/wp-content\/uploads\/2021\/01\/LOGO-Transparent-e1610640037833.png","width":150,"height":150,"caption":"Caseificio Molisano San Marco"},"image":{"@id":"https:\/\/caseificiomolisanosanmarco.it\/#\/schema\/logo\/image\/"}}]},"product_brand":"Prodotti essiccati","product_price_amount":"3.50","product_price_currency":"EUR","og_availability":"instock","product_availability":"instock","product_condition":"new"},"jetpack_sharing_enabled":true,"_links":{"self":[{"href":"https:\/\/caseificiomolisanosanmarco.it\/en\/wp-json\/wp\/v2\/product\/657","targetHints":{"allow":["GET"]}}],"collection":[{"href":"https:\/\/caseificiomolisanosanmarco.it\/en\/wp-json\/wp\/v2\/product"}],"about":[{"href":"https:\/\/caseificiomolisanosanmarco.it\/en\/wp-json\/wp\/v2\/types\/product"}],"replies":[{"embeddable":true,"href":"https:\/\/caseificiomolisanosanmarco.it\/en\/wp-json\/wp\/v2\/comments?post=657"}],"version-history":[{"count":1,"href":"https:\/\/caseificiomolisanosanmarco.it\/en\/wp-json\/wp\/v2\/product\/657\/revisions"}],"predecessor-version":[{"id":1791,"href":"https:\/\/caseificiomolisanosanmarco.it\/en\/wp-json\/wp\/v2\/product\/657\/revisions\/1791"}],"wp:featuredmedia":[{"embeddable":true,"href":"https:\/\/caseificiomolisanosanmarco.it\/en\/wp-json\/wp\/v2\/media\/660"}],"wp:attachment":[{"href":"https:\/\/caseificiomolisanosanmarco.it\/en\/wp-json\/wp\/v2\/media?parent=657"}],"wp:term":[{"taxonomy":"product_brand","embeddable":true,"href":"https:\/\/caseificiomolisanosanmarco.it\/en\/wp-json\/wp\/v2\/product_brand?post=657"},{"taxonomy":"product_cat","embeddable":true,"href":"https:\/\/caseificiomolisanosanmarco.it\/en\/wp-json\/wp\/v2\/product_cat?post=657"},{"taxonomy":"product_tag","embeddable":true,"href":"https:\/\/caseificiomolisanosanmarco.it\/en\/wp-json\/wp\/v2\/product_tag?post=657"}],"curies":[{"name":"wp","href":"https:\/\/api.w.org\/{rel}","templated":true}]}}