{"id":651,"date":"2022-01-10T11:45:29","date_gmt":"2022-01-10T10:45:29","guid":{"rendered":"https:\/\/caseificiomolisanosanmarco.it\/?post_type=product&#038;p=651"},"modified":"2023-03-28T16:55:52","modified_gmt":"2023-03-28T14:55:52","slug":"mollicata-al-pistacchio","status":"publish","type":"product","link":"https:\/\/caseificiomolisanosanmarco.it\/en\/product\/mollicata-al-pistacchio\/","title":{"rendered":"Mollicata al pistacchio"},"content":{"rendered":"<p>Le Mollicate sono un prodotto unico, ideato dall&#8217;azienda &#8220;Sfumature Matti di Sapore&#8221; e prodotto con pane molisano genuino e privo di conservanti. Tutto nasce dall&#8217;amore di Stefania e Giuseppe per la propria terra, il Molise, e dalla voglia di mettere in pratica le conoscenze acquisite negli anni sulla tecnica di essicazione, distribuendo sul mercato alimenti a lunga conservazione, con immutate caratteristiche organolettiche. Inoltre, tali prodotti nascono anche per evitare gli sprechi alimentari, infatti il pane che ha una conservazione massima di una settimana viene trasformato in mollica di pane essiccata con una data di scadenza estesa per pi\u00f9 mesi. Tutto viene ottenuto in maniera naturale e con l&#8217;arricchimento del pane disidratato di prodotti anch&#8217;essi essiccati e ricchi di gusto.<\/p>\n<p><strong>CONSERVAZIONE<\/strong>: conservare in luogo fresco e asciutto, al riparo dalla luce. Una volta aperto pu\u00f2 essere preservato nell&#8217;apposita confezione, chiusa in superficie, fino alla data di scadenza apportata al prodotto.<br \/>\n<strong>IDEALE PER<\/strong>: pasta, verdure, formaggi, carni e pesce.<\/p>\n<p><strong>RICETTE CONSIGLIATE:<\/strong><\/p>\n<p><em>1) CRUMBLE SALATO CON LA MOLLICATA AL PISTACCHIO\u00a0<\/em><\/p>\n<ul>\n<li>pomodori q.b<\/li>\n<li>4 burrate monoporzioni oppure 400 gr di stracciatella con la panna<\/li>\n<li>mollicata al pistacchio q.b. per una spolverata nella parte superficiale.<\/li>\n<li>Basilico<\/li>\n<\/ul>\n<p>PROCEDIMENTO:<br \/>\nFrulla i pomodori con un filo di olio, un pizzico di sale e basilico.<br \/>\nSchiaccia con una forchetta o frulla la burratina o stracciatella con la panna del San Marco.<br \/>\nComponi in un bicchiere di vetro il tuo crumble salato, iniziando dalla base con i pomodori, poi la crema di burratina e infine<br \/>\nAggiungi in superficie la Mollicata al Pistacchio.<br \/>\nServi il crumble salato freddo.<\/p>\n<p>INFORMAZIONI SUL PIATTO:<\/p>\n<p>Consigliato per un aperitivo o da servire come antipasto principalmente nel periodo estivo (dato che \u00e8 una ricetta fresca che non richiede l&#8217;utilizzo dei fornelli).<\/p>\n<p>Per preservare la caratteristica croccane della mollicata, si consiglia di aggiungere quest&#8217;ultima un attimo prima di servire il piatto.<\/p>\n<p><em>2) COTOLETTE DI POLLO CON LA MOLLICATA AL PISTACCHIO<\/em><\/p>\n<ul>\n<li>fettine di pollo<\/li>\n<li>mollicata al pistacchio<\/li>\n<li>uovo q.b<\/li>\n<li>un pizzico di sale<\/li>\n<\/ul>\n<p>PROCEDIMENTO:<br \/>\nPassare le fettine di pollo prima nell\u2019uovo e poi impanarle nella Mollicata al Pistacchio.<br \/>\nA cottura ultimata aggiungere un po\u2019 di sale.<\/p>\n<p>INFORMAZIONI SUL PIATTO:<\/p>\n<p>Ideale per essere cucinato sia fritto che al forno, in quest&#8217;ultimo caso a cottura terminata \u00e8 preferibile aggiungere un filo di olio EVO a crudo. Una doppia impanatura pu\u00f2 essere consigliata per fornire al prodotto un quantitativo maggiore di mollicata ed in compenso &#8220;pi\u00f9 croccantezza&#8221;.<\/p>\n<p><em>3)PRIMO SALE E MOLLICATA AL PISTACCHIO<\/em><\/p>\n<ul>\n<li>primo sale (si consigliano 100 gr a persona)<\/li>\n<li>mollicata al pistacchio<\/li>\n<li>olio Evo q.b<\/li>\n<li>un pizzico di sale<\/li>\n<\/ul>\n<p>PROCEDIMENTO<\/p>\n<p>Tagliare a fette il primo sale del San Marco che deve essere preferibilmente PRENOTATO, spolverare in superficie un modesto quantitativo di mollicata ed infine impreziosire il piatto con sale ed olio d&#8217;oliva.<\/p>","protected":false},"excerpt":{"rendered":"<p><strong>INGREDIENTI<\/strong>: Mollica essiccata (farina di GRANO, acqua, lievito, sale), granella di PISTACCHI, prezzemolo essiccato.<\/p>\n<p>Peso netto 120 gr<\/p>","protected":false},"featured_media":652,"comment_status":"open","ping_status":"closed","template":"","meta":[],"product_brand":[],"product_cat":[79,77],"product_tag":[],"class_list":{"0":"post-651","1":"product","2":"type-product","3":"status-publish","4":"has-post-thumbnail","6":"product_cat-prodotti-da-forno-essiccati","7":"product_cat-prodotti-essiccati","9":"first","10":"instock","11":"shipping-taxable","12":"purchasable","13":"product-type-simple"},"acf":[],"yoast_head":"<!-- This site is optimized with the Yoast SEO Premium plugin v22.6 (Yoast SEO v27.4) - https:\/\/yoast.com\/product\/yoast-seo-premium-wordpress\/ -->\n<title>Mollicata al pistacchio - Caseificio Molisano San Marco<\/title>\n<meta name=\"robots\" content=\"index, follow, max-snippet:-1, max-image-preview:large, max-video-preview:-1\" \/>\n<link rel=\"canonical\" href=\"https:\/\/caseificiomolisanosanmarco.it\/en\/product\/mollicata-al-pistacchio\/\" \/>\n<meta property=\"og:locale\" content=\"en_GB\" \/>\n<meta property=\"og:type\" content=\"article\" \/>\n<meta property=\"og:title\" content=\"Mollicata al pistacchio\" \/>\n<meta property=\"og:description\" content=\"INGREDIENTI: Mollica essiccata (farina di GRANO, acqua, lievito, sale), granella di PISTACCHI, prezzemolo essiccato.  Peso netto 120 gr\" \/>\n<meta property=\"og:url\" content=\"https:\/\/caseificiomolisanosanmarco.it\/en\/product\/mollicata-al-pistacchio\/\" \/>\n<meta property=\"og:site_name\" content=\"Caseificio Molisano San Marco\" \/>\n<meta property=\"article:modified_time\" content=\"2023-03-28T14:55:52+00:00\" \/>\n<meta property=\"og:image\" content=\"https:\/\/caseificiomolisanosanmarco.it\/wp-content\/uploads\/2022\/01\/70c505e3-e685-4dc8-869b-253f88cca406.jpg\" \/>\n\t<meta property=\"og:image:width\" content=\"540\" \/>\n\t<meta property=\"og:image:height\" content=\"787\" \/>\n\t<meta property=\"og:image:type\" content=\"image\/jpeg\" \/>\n<meta name=\"twitter:card\" content=\"summary_large_image\" \/>\n<meta name=\"twitter:label1\" content=\"Price\" \/>\n\t<meta name=\"twitter:data1\" content=\"4,50&nbsp;&euro;\" \/>\n\t<meta name=\"twitter:label2\" content=\"Availability\" \/>\n\t<meta name=\"twitter:data2\" content=\"In stock\" \/>\n<script type=\"application\/ld+json\" class=\"yoast-schema-graph\">{\"@context\":\"https:\\\/\\\/schema.org\",\"@graph\":[{\"@type\":\"WebPage\",\"@id\":\"https:\\\/\\\/caseificiomolisanosanmarco.it\\\/prodotto\\\/mollicata-al-pistacchio\\\/\",\"url\":\"https:\\\/\\\/caseificiomolisanosanmarco.it\\\/prodotto\\\/mollicata-al-pistacchio\\\/\",\"name\":\"Mollicata al pistacchio - Caseificio Molisano San Marco\",\"isPartOf\":{\"@id\":\"https:\\\/\\\/caseificiomolisanosanmarco.it\\\/#website\"},\"primaryImageOfPage\":{\"@id\":\"https:\\\/\\\/caseificiomolisanosanmarco.it\\\/prodotto\\\/mollicata-al-pistacchio\\\/#primaryimage\"},\"image\":{\"@id\":\"https:\\\/\\\/caseificiomolisanosanmarco.it\\\/prodotto\\\/mollicata-al-pistacchio\\\/#primaryimage\"},\"thumbnailUrl\":\"https:\\\/\\\/caseificiomolisanosanmarco.it\\\/wp-content\\\/uploads\\\/2022\\\/01\\\/70c505e3-e685-4dc8-869b-253f88cca406.jpg\",\"datePublished\":\"2022-01-10T10:45:29+00:00\",\"dateModified\":\"2023-03-28T14:55:52+00:00\",\"breadcrumb\":{\"@id\":\"https:\\\/\\\/caseificiomolisanosanmarco.it\\\/prodotto\\\/mollicata-al-pistacchio\\\/#breadcrumb\"},\"inLanguage\":\"en-GB\",\"potentialAction\":[{\"@type\":\"ReadAction\",\"target\":[\"https:\\\/\\\/caseificiomolisanosanmarco.it\\\/prodotto\\\/mollicata-al-pistacchio\\\/\"]}]},{\"@type\":\"ImageObject\",\"inLanguage\":\"en-GB\",\"@id\":\"https:\\\/\\\/caseificiomolisanosanmarco.it\\\/prodotto\\\/mollicata-al-pistacchio\\\/#primaryimage\",\"url\":\"https:\\\/\\\/caseificiomolisanosanmarco.it\\\/wp-content\\\/uploads\\\/2022\\\/01\\\/70c505e3-e685-4dc8-869b-253f88cca406.jpg\",\"contentUrl\":\"https:\\\/\\\/caseificiomolisanosanmarco.it\\\/wp-content\\\/uploads\\\/2022\\\/01\\\/70c505e3-e685-4dc8-869b-253f88cca406.jpg\",\"width\":540,\"height\":787},{\"@type\":\"BreadcrumbList\",\"@id\":\"https:\\\/\\\/caseificiomolisanosanmarco.it\\\/prodotto\\\/mollicata-al-pistacchio\\\/#breadcrumb\",\"itemListElement\":[{\"@type\":\"ListItem\",\"position\":1,\"name\":\"Home\",\"item\":\"https:\\\/\\\/caseificiomolisanosanmarco.it\\\/\"},{\"@type\":\"ListItem\",\"position\":2,\"name\":\"Shop\",\"item\":\"https:\\\/\\\/caseificiomolisanosanmarco.it\\\/negozio\\\/\"},{\"@type\":\"ListItem\",\"position\":3,\"name\":\"Mollicata al pistacchio\"}]},{\"@type\":\"WebSite\",\"@id\":\"https:\\\/\\\/caseificiomolisanosanmarco.it\\\/#website\",\"url\":\"https:\\\/\\\/caseificiomolisanosanmarco.it\\\/\",\"name\":\"Caseificio Molisano San Marco\",\"description\":\"\",\"publisher\":{\"@id\":\"https:\\\/\\\/caseificiomolisanosanmarco.it\\\/#organization\"},\"potentialAction\":[{\"@type\":\"SearchAction\",\"target\":{\"@type\":\"EntryPoint\",\"urlTemplate\":\"https:\\\/\\\/caseificiomolisanosanmarco.it\\\/?s={search_term_string}\"},\"query-input\":{\"@type\":\"PropertyValueSpecification\",\"valueRequired\":true,\"valueName\":\"search_term_string\"}}],\"inLanguage\":\"en-GB\"},{\"@type\":\"Organization\",\"@id\":\"https:\\\/\\\/caseificiomolisanosanmarco.it\\\/#organization\",\"name\":\"Caseificio Molisano San Marco\",\"url\":\"https:\\\/\\\/caseificiomolisanosanmarco.it\\\/\",\"logo\":{\"@type\":\"ImageObject\",\"inLanguage\":\"en-GB\",\"@id\":\"https:\\\/\\\/caseificiomolisanosanmarco.it\\\/#\\\/schema\\\/logo\\\/image\\\/\",\"url\":\"https:\\\/\\\/caseificiomolisanosanmarco.it\\\/wp-content\\\/uploads\\\/2021\\\/01\\\/LOGO-Transparent-e1610640037833.png\",\"contentUrl\":\"https:\\\/\\\/caseificiomolisanosanmarco.it\\\/wp-content\\\/uploads\\\/2021\\\/01\\\/LOGO-Transparent-e1610640037833.png\",\"width\":150,\"height\":150,\"caption\":\"Caseificio Molisano San Marco\"},\"image\":{\"@id\":\"https:\\\/\\\/caseificiomolisanosanmarco.it\\\/#\\\/schema\\\/logo\\\/image\\\/\"}}]}<\/script>\n<meta property=\"product:brand\" content=\"Prodotti essiccati\" \/>\n<meta property=\"product:price:amount\" content=\"4.50\" \/>\n<meta property=\"product:price:currency\" content=\"EUR\" \/>\n<meta property=\"og:availability\" content=\"instock\" \/>\n<meta property=\"product:availability\" content=\"instock\" \/>\n<meta property=\"product:condition\" content=\"new\" \/>\n<!-- \/ Yoast SEO Premium plugin. -->","yoast_head_json":{"title":"Mollicata al pistacchio - Caseificio Molisano San Marco","robots":{"index":"index","follow":"follow","max-snippet":"max-snippet:-1","max-image-preview":"max-image-preview:large","max-video-preview":"max-video-preview:-1"},"canonical":"https:\/\/caseificiomolisanosanmarco.it\/en\/product\/mollicata-al-pistacchio\/","og_locale":"en_GB","og_type":"article","og_title":"Mollicata al pistacchio","og_description":"INGREDIENTI: Mollica essiccata (farina di GRANO, acqua, lievito, sale), granella di PISTACCHI, prezzemolo essiccato.  Peso netto 120 gr","og_url":"https:\/\/caseificiomolisanosanmarco.it\/en\/product\/mollicata-al-pistacchio\/","og_site_name":"Caseificio Molisano San Marco","article_modified_time":"2023-03-28T14:55:52+00:00","og_image":[{"width":540,"height":787,"url":"https:\/\/caseificiomolisanosanmarco.it\/wp-content\/uploads\/2022\/01\/70c505e3-e685-4dc8-869b-253f88cca406.jpg","type":"image\/jpeg"}],"twitter_card":"summary_large_image","twitter_misc":{"Price":"4,50&nbsp;&euro;","Availability":"In stock"},"schema":{"@context":"https:\/\/schema.org","@graph":[{"@type":"WebPage","@id":"https:\/\/caseificiomolisanosanmarco.it\/prodotto\/mollicata-al-pistacchio\/","url":"https:\/\/caseificiomolisanosanmarco.it\/prodotto\/mollicata-al-pistacchio\/","name":"Mollicata al pistacchio - Caseificio Molisano San Marco","isPartOf":{"@id":"https:\/\/caseificiomolisanosanmarco.it\/#website"},"primaryImageOfPage":{"@id":"https:\/\/caseificiomolisanosanmarco.it\/prodotto\/mollicata-al-pistacchio\/#primaryimage"},"image":{"@id":"https:\/\/caseificiomolisanosanmarco.it\/prodotto\/mollicata-al-pistacchio\/#primaryimage"},"thumbnailUrl":"https:\/\/caseificiomolisanosanmarco.it\/wp-content\/uploads\/2022\/01\/70c505e3-e685-4dc8-869b-253f88cca406.jpg","datePublished":"2022-01-10T10:45:29+00:00","dateModified":"2023-03-28T14:55:52+00:00","breadcrumb":{"@id":"https:\/\/caseificiomolisanosanmarco.it\/prodotto\/mollicata-al-pistacchio\/#breadcrumb"},"inLanguage":"en-GB","potentialAction":[{"@type":"ReadAction","target":["https:\/\/caseificiomolisanosanmarco.it\/prodotto\/mollicata-al-pistacchio\/"]}]},{"@type":"ImageObject","inLanguage":"en-GB","@id":"https:\/\/caseificiomolisanosanmarco.it\/prodotto\/mollicata-al-pistacchio\/#primaryimage","url":"https:\/\/caseificiomolisanosanmarco.it\/wp-content\/uploads\/2022\/01\/70c505e3-e685-4dc8-869b-253f88cca406.jpg","contentUrl":"https:\/\/caseificiomolisanosanmarco.it\/wp-content\/uploads\/2022\/01\/70c505e3-e685-4dc8-869b-253f88cca406.jpg","width":540,"height":787},{"@type":"BreadcrumbList","@id":"https:\/\/caseificiomolisanosanmarco.it\/prodotto\/mollicata-al-pistacchio\/#breadcrumb","itemListElement":[{"@type":"ListItem","position":1,"name":"Home","item":"https:\/\/caseificiomolisanosanmarco.it\/"},{"@type":"ListItem","position":2,"name":"Shop","item":"https:\/\/caseificiomolisanosanmarco.it\/negozio\/"},{"@type":"ListItem","position":3,"name":"Mollicata al pistacchio"}]},{"@type":"WebSite","@id":"https:\/\/caseificiomolisanosanmarco.it\/#website","url":"https:\/\/caseificiomolisanosanmarco.it\/","name":"Caseificio Molisano San Marco","description":"","publisher":{"@id":"https:\/\/caseificiomolisanosanmarco.it\/#organization"},"potentialAction":[{"@type":"SearchAction","target":{"@type":"EntryPoint","urlTemplate":"https:\/\/caseificiomolisanosanmarco.it\/?s={search_term_string}"},"query-input":{"@type":"PropertyValueSpecification","valueRequired":true,"valueName":"search_term_string"}}],"inLanguage":"en-GB"},{"@type":"Organization","@id":"https:\/\/caseificiomolisanosanmarco.it\/#organization","name":"Caseificio Molisano San Marco","url":"https:\/\/caseificiomolisanosanmarco.it\/","logo":{"@type":"ImageObject","inLanguage":"en-GB","@id":"https:\/\/caseificiomolisanosanmarco.it\/#\/schema\/logo\/image\/","url":"https:\/\/caseificiomolisanosanmarco.it\/wp-content\/uploads\/2021\/01\/LOGO-Transparent-e1610640037833.png","contentUrl":"https:\/\/caseificiomolisanosanmarco.it\/wp-content\/uploads\/2021\/01\/LOGO-Transparent-e1610640037833.png","width":150,"height":150,"caption":"Caseificio Molisano San Marco"},"image":{"@id":"https:\/\/caseificiomolisanosanmarco.it\/#\/schema\/logo\/image\/"}}]},"product_brand":"Prodotti essiccati","product_price_amount":"4.50","product_price_currency":"EUR","og_availability":"instock","product_availability":"instock","product_condition":"new"},"jetpack_sharing_enabled":true,"_links":{"self":[{"href":"https:\/\/caseificiomolisanosanmarco.it\/en\/wp-json\/wp\/v2\/product\/651","targetHints":{"allow":["GET"]}}],"collection":[{"href":"https:\/\/caseificiomolisanosanmarco.it\/en\/wp-json\/wp\/v2\/product"}],"about":[{"href":"https:\/\/caseificiomolisanosanmarco.it\/en\/wp-json\/wp\/v2\/types\/product"}],"replies":[{"embeddable":true,"href":"https:\/\/caseificiomolisanosanmarco.it\/en\/wp-json\/wp\/v2\/comments?post=651"}],"version-history":[{"count":0,"href":"https:\/\/caseificiomolisanosanmarco.it\/en\/wp-json\/wp\/v2\/product\/651\/revisions"}],"wp:featuredmedia":[{"embeddable":true,"href":"https:\/\/caseificiomolisanosanmarco.it\/en\/wp-json\/wp\/v2\/media\/652"}],"wp:attachment":[{"href":"https:\/\/caseificiomolisanosanmarco.it\/en\/wp-json\/wp\/v2\/media?parent=651"}],"wp:term":[{"taxonomy":"product_brand","embeddable":true,"href":"https:\/\/caseificiomolisanosanmarco.it\/en\/wp-json\/wp\/v2\/product_brand?post=651"},{"taxonomy":"product_cat","embeddable":true,"href":"https:\/\/caseificiomolisanosanmarco.it\/en\/wp-json\/wp\/v2\/product_cat?post=651"},{"taxonomy":"product_tag","embeddable":true,"href":"https:\/\/caseificiomolisanosanmarco.it\/en\/wp-json\/wp\/v2\/product_tag?post=651"}],"curies":[{"name":"wp","href":"https:\/\/api.w.org\/{rel}","templated":true}]}}