{"id":1808,"date":"2024-12-03T13:08:01","date_gmt":"2024-12-03T12:08:01","guid":{"rendered":"https:\/\/caseificiomolisanosanmarco.it\/?post_type=product&#038;p=1808"},"modified":"2024-12-20T16:38:05","modified_gmt":"2024-12-20T15:38:05","slug":"cheese-xmas-box-30-euro","status":"publish","type":"product","link":"https:\/\/caseificiomolisanosanmarco.it\/en\/product\/cheese-xmas-box-30-euro\/","title":{"rendered":"Cheese Xmas box 30 euro"},"content":{"rendered":"<h1><strong>Contenuto<\/strong>:<\/h1>\n<ul>\n<li>1\/4 di caciocavallo semistagionato (peso circa 350\/400 gr);<\/li>\n<li>3 pezzi da quarto (peso circa 160\/180 gr) di caciottine vaccine particolari e classica, il cui gusto verr\u00e0 selezionato al momento della composizione tra: classica, vino, tartufo o peperoncino, a seconda della disponibilit\u00e0&#8230; N.B. NEL CASO CI SIA QUALCHE PREFERENZA DI GUSTO BASTA COMUNICARCELO NELLE NOTE DELL&#8217;ORDINE;<\/li>\n<li>1 crema per formaggi da 50 gr ( potete indicare nelle note la preferenza tra: gelatina di tintilia, cipolla e mostocotto, fichi e tintilia)<\/li>\n<li>\u00a0una confezione di salsiccia con caciocavallo\u00a0 &#8220;Casa Florio&#8221;;<\/li>\n<li>1 barattolo di miele da 50 gr &#8220;azieda collerosa&#8221;<\/li>\n<li>un biscottino con scritta <strong>all i want for xmas is cacio<\/strong> &#8220;Grano Salis&#8221;<\/li>\n<\/ul>\n<h2 style=\"text-align: center;\"><\/h2>\n<p>&nbsp;<\/p>\n<p>&nbsp;<\/p>\n<p>&nbsp;<\/p>\n<p>&nbsp;<\/p>\n<p>&nbsp;<\/p>\n<p>&nbsp;<\/p>","protected":false},"excerpt":{"rendered":"<h2><\/h2>\n<h2 style=\"text-align: center;\">Una confezione natalizia ideale da regalare a chi ama i formaggi!<\/h2>\n<blockquote><p><strong>NOTA BENE (per le spedizioni):<\/strong> Per ricevere la box per Natale ordinala <strong>entro e non oltre venerdi 13 dicembre.<\/strong> Inoltre effettuiamo spedizioni solo ad inizi settimana: luned\u00ec, marted\u00ec e mercoled\u00ec;<\/p>\n<p>&#8230;per urgenze o variazioni contattaci su whatsapp.<\/p>\n<p><strong>\u00a0<\/strong><\/p>\n<p>&nbsp;<\/p><\/blockquote>\n<p>&nbsp;<\/p>\n<h3 style=\"text-align: right;\"><\/h3>","protected":false},"featured_media":1809,"comment_status":"open","ping_status":"closed","template":"","meta":[],"product_brand":[],"product_cat":[137],"product_tag":[],"class_list":{"0":"post-1808","1":"product","2":"type-product","3":"status-publish","4":"has-post-thumbnail","6":"product_cat-confezione-regalo","8":"first","9":"instock","10":"shipping-taxable","11":"purchasable","12":"product-type-simple"},"acf":[],"yoast_head":"<!-- This site is optimized with the Yoast SEO Premium plugin v22.6 (Yoast SEO v27.4) - https:\/\/yoast.com\/product\/yoast-seo-premium-wordpress\/ -->\n<title>Cheese Xmas box 30 euro - Caseificio Molisano San Marco<\/title>\n<meta name=\"robots\" content=\"index, follow, max-snippet:-1, max-image-preview:large, max-video-preview:-1\" \/>\n<link rel=\"canonical\" href=\"https:\/\/caseificiomolisanosanmarco.it\/en\/product\/cheese-xmas-box-30-euro\/\" \/>\n<meta property=\"og:locale\" content=\"en_GB\" \/>\n<meta property=\"og:type\" content=\"article\" \/>\n<meta property=\"og:title\" content=\"Cheese Xmas box 30 euro\" \/>\n<meta property=\"og:description\" content=\"Una confezione natalizia ideale da regalare a chi ama i formaggi! NOTA BENE (per le spedizioni): Per ricevere la box per Natale ordinala entro e non oltre venerdi 13 dicembre. Inoltre effettuiamo spedizioni solo ad inizi settimana: luned\u00ec, marted\u00ec e mercoled\u00ec;  ...per urgenze o variazioni contattaci su whatsapp.  \u00a0  &nbsp; &nbsp;\" \/>\n<meta property=\"og:url\" content=\"https:\/\/caseificiomolisanosanmarco.it\/en\/product\/cheese-xmas-box-30-euro\/\" \/>\n<meta property=\"og:site_name\" content=\"Caseificio Molisano San Marco\" \/>\n<meta property=\"article:modified_time\" content=\"2024-12-20T15:38:05+00:00\" \/>\n<meta property=\"og:image\" content=\"https:\/\/caseificiomolisanosanmarco.it\/wp-content\/uploads\/2024\/12\/confe-30-euro.jpg\" \/>\n\t<meta property=\"og:image:width\" content=\"1200\" \/>\n\t<meta property=\"og:image:height\" content=\"1600\" \/>\n\t<meta property=\"og:image:type\" content=\"image\/jpeg\" \/>\n<meta name=\"twitter:card\" content=\"summary_large_image\" \/>\n<meta name=\"twitter:label1\" content=\"Price\" \/>\n\t<meta name=\"twitter:data1\" content=\"30,00&nbsp;&euro;\" \/>\n\t<meta name=\"twitter:label2\" content=\"Availability\" \/>\n\t<meta name=\"twitter:data2\" content=\"In stock\" \/>\n<script type=\"application\/ld+json\" class=\"yoast-schema-graph\">{\"@context\":\"https:\\\/\\\/schema.org\",\"@graph\":[{\"@type\":\"WebPage\",\"@id\":\"https:\\\/\\\/caseificiomolisanosanmarco.it\\\/prodotto\\\/cheese-xmas-box-30-euro\\\/\",\"url\":\"https:\\\/\\\/caseificiomolisanosanmarco.it\\\/prodotto\\\/cheese-xmas-box-30-euro\\\/\",\"name\":\"Cheese Xmas box 30 euro - Caseificio Molisano San Marco\",\"isPartOf\":{\"@id\":\"https:\\\/\\\/caseificiomolisanosanmarco.it\\\/#website\"},\"primaryImageOfPage\":{\"@id\":\"https:\\\/\\\/caseificiomolisanosanmarco.it\\\/prodotto\\\/cheese-xmas-box-30-euro\\\/#primaryimage\"},\"image\":{\"@id\":\"https:\\\/\\\/caseificiomolisanosanmarco.it\\\/prodotto\\\/cheese-xmas-box-30-euro\\\/#primaryimage\"},\"thumbnailUrl\":\"https:\\\/\\\/caseificiomolisanosanmarco.it\\\/wp-content\\\/uploads\\\/2024\\\/12\\\/confe-30-euro.jpg\",\"datePublished\":\"2024-12-03T12:08:01+00:00\",\"dateModified\":\"2024-12-20T15:38:05+00:00\",\"breadcrumb\":{\"@id\":\"https:\\\/\\\/caseificiomolisanosanmarco.it\\\/prodotto\\\/cheese-xmas-box-30-euro\\\/#breadcrumb\"},\"inLanguage\":\"en-GB\",\"potentialAction\":[{\"@type\":\"ReadAction\",\"target\":[\"https:\\\/\\\/caseificiomolisanosanmarco.it\\\/prodotto\\\/cheese-xmas-box-30-euro\\\/\"]}]},{\"@type\":\"ImageObject\",\"inLanguage\":\"en-GB\",\"@id\":\"https:\\\/\\\/caseificiomolisanosanmarco.it\\\/prodotto\\\/cheese-xmas-box-30-euro\\\/#primaryimage\",\"url\":\"https:\\\/\\\/caseificiomolisanosanmarco.it\\\/wp-content\\\/uploads\\\/2024\\\/12\\\/confe-30-euro.jpg\",\"contentUrl\":\"https:\\\/\\\/caseificiomolisanosanmarco.it\\\/wp-content\\\/uploads\\\/2024\\\/12\\\/confe-30-euro.jpg\",\"width\":1200,\"height\":1600},{\"@type\":\"BreadcrumbList\",\"@id\":\"https:\\\/\\\/caseificiomolisanosanmarco.it\\\/prodotto\\\/cheese-xmas-box-30-euro\\\/#breadcrumb\",\"itemListElement\":[{\"@type\":\"ListItem\",\"position\":1,\"name\":\"Home\",\"item\":\"https:\\\/\\\/caseificiomolisanosanmarco.it\\\/\"},{\"@type\":\"ListItem\",\"position\":2,\"name\":\"Shop\",\"item\":\"https:\\\/\\\/caseificiomolisanosanmarco.it\\\/negozio\\\/\"},{\"@type\":\"ListItem\",\"position\":3,\"name\":\"Cheese Xmas box 30 euro\"}]},{\"@type\":\"WebSite\",\"@id\":\"https:\\\/\\\/caseificiomolisanosanmarco.it\\\/#website\",\"url\":\"https:\\\/\\\/caseificiomolisanosanmarco.it\\\/\",\"name\":\"Caseificio Molisano San Marco\",\"description\":\"\",\"publisher\":{\"@id\":\"https:\\\/\\\/caseificiomolisanosanmarco.it\\\/#organization\"},\"potentialAction\":[{\"@type\":\"SearchAction\",\"target\":{\"@type\":\"EntryPoint\",\"urlTemplate\":\"https:\\\/\\\/caseificiomolisanosanmarco.it\\\/?s={search_term_string}\"},\"query-input\":{\"@type\":\"PropertyValueSpecification\",\"valueRequired\":true,\"valueName\":\"search_term_string\"}}],\"inLanguage\":\"en-GB\"},{\"@type\":\"Organization\",\"@id\":\"https:\\\/\\\/caseificiomolisanosanmarco.it\\\/#organization\",\"name\":\"Caseificio Molisano San Marco\",\"url\":\"https:\\\/\\\/caseificiomolisanosanmarco.it\\\/\",\"logo\":{\"@type\":\"ImageObject\",\"inLanguage\":\"en-GB\",\"@id\":\"https:\\\/\\\/caseificiomolisanosanmarco.it\\\/#\\\/schema\\\/logo\\\/image\\\/\",\"url\":\"https:\\\/\\\/caseificiomolisanosanmarco.it\\\/wp-content\\\/uploads\\\/2021\\\/01\\\/LOGO-Transparent-e1610640037833.png\",\"contentUrl\":\"https:\\\/\\\/caseificiomolisanosanmarco.it\\\/wp-content\\\/uploads\\\/2021\\\/01\\\/LOGO-Transparent-e1610640037833.png\",\"width\":150,\"height\":150,\"caption\":\"Caseificio Molisano San Marco\"},\"image\":{\"@id\":\"https:\\\/\\\/caseificiomolisanosanmarco.it\\\/#\\\/schema\\\/logo\\\/image\\\/\"}}]}<\/script>\n<meta property=\"product:brand\" content=\"Confezione regalo\" \/>\n<meta property=\"product:price:amount\" content=\"30.00\" \/>\n<meta property=\"product:price:currency\" content=\"EUR\" \/>\n<meta property=\"og:availability\" content=\"instock\" \/>\n<meta property=\"product:availability\" content=\"instock\" \/>\n<meta property=\"product:condition\" content=\"new\" \/>\n<!-- \/ Yoast SEO Premium plugin. -->","yoast_head_json":{"title":"Cheese Xmas box 30 euro - Caseificio Molisano San Marco","robots":{"index":"index","follow":"follow","max-snippet":"max-snippet:-1","max-image-preview":"max-image-preview:large","max-video-preview":"max-video-preview:-1"},"canonical":"https:\/\/caseificiomolisanosanmarco.it\/en\/product\/cheese-xmas-box-30-euro\/","og_locale":"en_GB","og_type":"article","og_title":"Cheese Xmas box 30 euro","og_description":"Una confezione natalizia ideale da regalare a chi ama i formaggi! NOTA BENE (per le spedizioni): Per ricevere la box per Natale ordinala entro e non oltre venerdi 13 dicembre. Inoltre effettuiamo spedizioni solo ad inizi settimana: luned\u00ec, marted\u00ec e mercoled\u00ec;  ...per urgenze o variazioni contattaci su whatsapp.  \u00a0  &nbsp; &nbsp;","og_url":"https:\/\/caseificiomolisanosanmarco.it\/en\/product\/cheese-xmas-box-30-euro\/","og_site_name":"Caseificio Molisano San Marco","article_modified_time":"2024-12-20T15:38:05+00:00","og_image":[{"width":1200,"height":1600,"url":"https:\/\/caseificiomolisanosanmarco.it\/wp-content\/uploads\/2024\/12\/confe-30-euro.jpg","type":"image\/jpeg"}],"twitter_card":"summary_large_image","twitter_misc":{"Price":"30,00&nbsp;&euro;","Availability":"In stock"},"schema":{"@context":"https:\/\/schema.org","@graph":[{"@type":"WebPage","@id":"https:\/\/caseificiomolisanosanmarco.it\/prodotto\/cheese-xmas-box-30-euro\/","url":"https:\/\/caseificiomolisanosanmarco.it\/prodotto\/cheese-xmas-box-30-euro\/","name":"Cheese Xmas box 30 euro - Caseificio Molisano San Marco","isPartOf":{"@id":"https:\/\/caseificiomolisanosanmarco.it\/#website"},"primaryImageOfPage":{"@id":"https:\/\/caseificiomolisanosanmarco.it\/prodotto\/cheese-xmas-box-30-euro\/#primaryimage"},"image":{"@id":"https:\/\/caseificiomolisanosanmarco.it\/prodotto\/cheese-xmas-box-30-euro\/#primaryimage"},"thumbnailUrl":"https:\/\/caseificiomolisanosanmarco.it\/wp-content\/uploads\/2024\/12\/confe-30-euro.jpg","datePublished":"2024-12-03T12:08:01+00:00","dateModified":"2024-12-20T15:38:05+00:00","breadcrumb":{"@id":"https:\/\/caseificiomolisanosanmarco.it\/prodotto\/cheese-xmas-box-30-euro\/#breadcrumb"},"inLanguage":"en-GB","potentialAction":[{"@type":"ReadAction","target":["https:\/\/caseificiomolisanosanmarco.it\/prodotto\/cheese-xmas-box-30-euro\/"]}]},{"@type":"ImageObject","inLanguage":"en-GB","@id":"https:\/\/caseificiomolisanosanmarco.it\/prodotto\/cheese-xmas-box-30-euro\/#primaryimage","url":"https:\/\/caseificiomolisanosanmarco.it\/wp-content\/uploads\/2024\/12\/confe-30-euro.jpg","contentUrl":"https:\/\/caseificiomolisanosanmarco.it\/wp-content\/uploads\/2024\/12\/confe-30-euro.jpg","width":1200,"height":1600},{"@type":"BreadcrumbList","@id":"https:\/\/caseificiomolisanosanmarco.it\/prodotto\/cheese-xmas-box-30-euro\/#breadcrumb","itemListElement":[{"@type":"ListItem","position":1,"name":"Home","item":"https:\/\/caseificiomolisanosanmarco.it\/"},{"@type":"ListItem","position":2,"name":"Shop","item":"https:\/\/caseificiomolisanosanmarco.it\/negozio\/"},{"@type":"ListItem","position":3,"name":"Cheese Xmas box 30 euro"}]},{"@type":"WebSite","@id":"https:\/\/caseificiomolisanosanmarco.it\/#website","url":"https:\/\/caseificiomolisanosanmarco.it\/","name":"Caseificio Molisano San Marco","description":"","publisher":{"@id":"https:\/\/caseificiomolisanosanmarco.it\/#organization"},"potentialAction":[{"@type":"SearchAction","target":{"@type":"EntryPoint","urlTemplate":"https:\/\/caseificiomolisanosanmarco.it\/?s={search_term_string}"},"query-input":{"@type":"PropertyValueSpecification","valueRequired":true,"valueName":"search_term_string"}}],"inLanguage":"en-GB"},{"@type":"Organization","@id":"https:\/\/caseificiomolisanosanmarco.it\/#organization","name":"Caseificio Molisano San Marco","url":"https:\/\/caseificiomolisanosanmarco.it\/","logo":{"@type":"ImageObject","inLanguage":"en-GB","@id":"https:\/\/caseificiomolisanosanmarco.it\/#\/schema\/logo\/image\/","url":"https:\/\/caseificiomolisanosanmarco.it\/wp-content\/uploads\/2021\/01\/LOGO-Transparent-e1610640037833.png","contentUrl":"https:\/\/caseificiomolisanosanmarco.it\/wp-content\/uploads\/2021\/01\/LOGO-Transparent-e1610640037833.png","width":150,"height":150,"caption":"Caseificio Molisano San Marco"},"image":{"@id":"https:\/\/caseificiomolisanosanmarco.it\/#\/schema\/logo\/image\/"}}]},"product_brand":"Confezione regalo","product_price_amount":"30.00","product_price_currency":"EUR","og_availability":"instock","product_availability":"instock","product_condition":"new"},"jetpack_sharing_enabled":true,"_links":{"self":[{"href":"https:\/\/caseificiomolisanosanmarco.it\/en\/wp-json\/wp\/v2\/product\/1808","targetHints":{"allow":["GET"]}}],"collection":[{"href":"https:\/\/caseificiomolisanosanmarco.it\/en\/wp-json\/wp\/v2\/product"}],"about":[{"href":"https:\/\/caseificiomolisanosanmarco.it\/en\/wp-json\/wp\/v2\/types\/product"}],"replies":[{"embeddable":true,"href":"https:\/\/caseificiomolisanosanmarco.it\/en\/wp-json\/wp\/v2\/comments?post=1808"}],"version-history":[{"count":3,"href":"https:\/\/caseificiomolisanosanmarco.it\/en\/wp-json\/wp\/v2\/product\/1808\/revisions"}],"predecessor-version":[{"id":1812,"href":"https:\/\/caseificiomolisanosanmarco.it\/en\/wp-json\/wp\/v2\/product\/1808\/revisions\/1812"}],"wp:featuredmedia":[{"embeddable":true,"href":"https:\/\/caseificiomolisanosanmarco.it\/en\/wp-json\/wp\/v2\/media\/1809"}],"wp:attachment":[{"href":"https:\/\/caseificiomolisanosanmarco.it\/en\/wp-json\/wp\/v2\/media?parent=1808"}],"wp:term":[{"taxonomy":"product_brand","embeddable":true,"href":"https:\/\/caseificiomolisanosanmarco.it\/en\/wp-json\/wp\/v2\/product_brand?post=1808"},{"taxonomy":"product_cat","embeddable":true,"href":"https:\/\/caseificiomolisanosanmarco.it\/en\/wp-json\/wp\/v2\/product_cat?post=1808"},{"taxonomy":"product_tag","embeddable":true,"href":"https:\/\/caseificiomolisanosanmarco.it\/en\/wp-json\/wp\/v2\/product_tag?post=1808"}],"curies":[{"name":"wp","href":"https:\/\/api.w.org\/{rel}","templated":true}]}}